{"id":3585,"date":"2020-06-12T15:48:00","date_gmt":"2020-06-12T13:48:00","guid":{"rendered":"https:\/\/www.trophees.forum-diversite.org\/?page_id=3585"},"modified":"2026-03-05T11:34:13","modified_gmt":"2026-03-05T10:34:13","slug":"candidature","status":"publish","type":"page","link":"https:\/\/trophees.forum-diversite.org\/?page_id=3585","title":{"rendered":"Candidature"},"content":{"rendered":"\t\t<div data-elementor-type=\"wp-post\" data-elementor-id=\"3585\" class=\"elementor elementor-3585\">\n\t\t\t\t\t\t<div class=\"elementor-inner\">\n\t\t\t\t<div class=\"elementor-section-wrap\">\n\t\t\t\t\t\t\t\t\t<section class=\"elementor-section elementor-top-section elementor-element elementor-element-f4bef94 elementor-section-boxed elementor-section-height-default elementor-section-height-default\" data-id=\"f4bef94\" data-element_type=\"section\">\n\t\t\t\t\t\t<div class=\"elementor-container elementor-column-gap-default\">\n\t\t\t\t\t\t\t<div class=\"elementor-row\">\n\t\t\t\t\t<div class=\"elementor-column elementor-col-100 elementor-top-column elementor-element elementor-element-309f168\" data-id=\"309f168\" data-element_type=\"column\">\n\t\t\t<div class=\"elementor-column-wrap elementor-element-populated\">\n\t\t\t\t\t\t\t<div class=\"elementor-widget-wrap\">\n\t\t\t\t\t\t<div class=\"elementor-element elementor-element-c293252 elementor-widget elementor-widget-heading\" data-id=\"c293252\" data-element_type=\"widget\" data-settings=\"{&quot;ekit_we_effect_on&quot;:&quot;none&quot;}\" data-widget_type=\"heading.default\">\n\t\t\t\t<div class=\"elementor-widget-container\">\n\t\t\t<h2 class=\"elementor-heading-title elementor-size-default\">Participer aux prochains Troph\u00e9es<\/h2>\t\t<\/div>\n\t\t\t\t<\/div>\n\t\t\t\t<div class=\"elementor-element elementor-element-cfcbb32 elementor-widget elementor-widget-exhibz-title\" data-id=\"cfcbb32\" data-element_type=\"widget\" data-settings=\"{&quot;ekit_we_effect_on&quot;:&quot;none&quot;}\" data-widget_type=\"exhibz-title.default\">\n\t\t\t\t<div class=\"elementor-widget-container\">\n\t\t\t\n    <div class=\"title-section-area\">\n        <h2 class=\"section-title\">\n            <span class=\"sub-title\">Troph\u00e9es Inclusion &amp; Diversit\u00e9<\/span>\n\t\t\tComment candidater ?        <\/h2>\n\t\t                    <span class=\"title-shape\">\n                  <svg xmlns='http:\/\/www.w3.org\/2000\/svg' xmlns:xlink='http:\/\/www.w3.org\/1999\/xlink' width='71px' height='11px'> <path fill-rule='evenodd' d='M59.669,10.710 L49.164,3.306 L39.428,10.681 L29.714,3.322 L20.006,10.682 L10.295,3.322 L1.185,10.228 L-0.010,8.578 L10.295,0.765 L20.006,8.125 L29.714,0.765 L39.428,8.125 L49.122,0.781 L59.680,8.223 L69.858,1.192 L70.982,2.895 L59.669,10.710 Z'\/><\/svg>\n            <\/span>\n                    <\/div><!-- Section title -->\n    \n    \n\n    \t\t<\/div>\n\t\t\t\t<\/div>\n\t\t\t\t<div class=\"elementor-element elementor-element-ad454bb elementor-widget elementor-widget-text-editor\" data-id=\"ad454bb\" data-element_type=\"widget\" data-settings=\"{&quot;ekit_we_effect_on&quot;:&quot;none&quot;}\" data-widget_type=\"text-editor.default\">\n\t\t\t\t<div class=\"elementor-widget-container\">\n\t\t\t\t\t\t\t\t<div class=\"elementor-text-editor elementor-clearfix\">\n\t\t\t\t<p><strong>Chaque dossier devra comporter :<\/strong><\/p><ul><li>Le questionnaire ci-dessous renseign\u00e9<\/li><li>Des annexes susceptibles de nous faire comprendre les sp\u00e9cificit\u00e9s et les enjeux de votre d\u00e9marche.<\/li><\/ul>\t\t\t\t\t<\/div>\n\t\t\t\t\t\t<\/div>\n\t\t\t\t<\/div>\n\t\t\t\t<div class=\"elementor-element elementor-element-38ffd32 elementor-align-center elementor-widget elementor-widget-button\" data-id=\"38ffd32\" data-element_type=\"widget\" data-settings=\"{&quot;ekit_we_effect_on&quot;:&quot;none&quot;}\" data-widget_type=\"button.default\">\n\t\t\t\t<div class=\"elementor-widget-container\">\n\t\t\t\t\t<div class=\"elementor-button-wrapper\">\n\t\t\t<a href=\"https:\/\/trophees.forum-diversite.org\/wp-content\/uploads\/2026\/03\/Candidature_trophees-pratiques-RH-2026.pdf-1.pdf\" class=\"elementor-button-link elementor-button elementor-size-sm\" role=\"button\">\n\t\t\t\t\t\t<span class=\"elementor-button-content-wrapper\">\n\t\t\t\t\t\t<span class=\"elementor-button-text\">Dossier de candidature Bonnes Pratiques RH<\/span>\n\t\t<\/span>\n\t\t\t\t\t<\/a>\n\t\t<\/div>\n\t\t\t\t<\/div>\n\t\t\t\t<\/div>\n\t\t\t\t<div class=\"elementor-element elementor-element-ec4b191 elementor-align-center elementor-widget elementor-widget-button\" data-id=\"ec4b191\" data-element_type=\"widget\" data-settings=\"{&quot;ekit_we_effect_on&quot;:&quot;none&quot;}\" data-widget_type=\"button.default\">\n\t\t\t\t<div class=\"elementor-widget-container\">\n\t\t\t\t\t<div class=\"elementor-button-wrapper\">\n\t\t\t<a href=\"https:\/\/trophees.forum-diversite.org\/wp-content\/uploads\/2026\/03\/Candidature_trophees-entrepreunariat-2026.pdf-1.pdf\" class=\"elementor-button-link elementor-button elementor-size-sm\" role=\"button\">\n\t\t\t\t\t\t<span class=\"elementor-button-content-wrapper\">\n\t\t\t\t\t\t<span class=\"elementor-button-text\">Dossier de candidature Entreuprenariat<\/span>\n\t\t<\/span>\n\t\t\t\t\t<\/a>\n\t\t<\/div>\n\t\t\t\t<\/div>\n\t\t\t\t<\/div>\n\t\t\t\t<div class=\"elementor-element elementor-element-8462f39 elementor-widget elementor-widget-spacer\" data-id=\"8462f39\" data-element_type=\"widget\" data-settings=\"{&quot;ekit_we_effect_on&quot;:&quot;none&quot;}\" data-widget_type=\"spacer.default\">\n\t\t\t\t<div class=\"elementor-widget-container\">\n\t\t\t\t\t<div class=\"elementor-spacer\">\n\t\t\t<div class=\"elementor-spacer-inner\"><\/div>\n\t\t<\/div>\n\t\t\t\t<\/div>\n\t\t\t\t<\/div>\n\t\t\t\t<div class=\"elementor-element elementor-element-c29579e elementor-widget elementor-widget-text-editor\" data-id=\"c29579e\" data-element_type=\"widget\" data-settings=\"{&quot;ekit_we_effect_on&quot;:&quot;none&quot;}\" data-widget_type=\"text-editor.default\">\n\t\t\t\t<div class=\"elementor-widget-container\">\n\t\t\t\t\t\t\t\t<div class=\"elementor-text-editor elementor-clearfix\">\n\t\t\t\t<p>Chaque dossier re\u00e7u sera analys\u00e9 et, en fonction de sa qualit\u00e9, acc\u00e9dera ou non aux diff\u00e9rentes \u00e9tapes de s\u00e9lection du jury. Ce dernier statuera sur les entreprises nomin\u00e9es et laur\u00e9ates de l\u2019\u00e9dition 2026.<\/p><p><strong>Envoyez votre dossier compl\u00e9t\u00e9 \u00e0 Halte Discriminations, organisatrice des troph\u00e9es Inclusion &amp; Diversit\u00e9, id\u00e9alement par mail avant le 17 octobre 2026 \u00e0 :<br \/><\/strong> <a href=\"mailto:contact@halt-discrimination.org\">contact@halt-discrimination.org<\/a><\/p><p><span style=\"text-decoration: underline;\">ou par courrier postal : <\/span><br \/>HALTE-DISCRIMINATIONS<br \/>Troph\u00e9es de la diversit\u00e9 de BFC<br \/>15 rue de l\u2019\u00c9pitaphe<br \/>25000 Besan\u00e7on<\/p>\t\t\t\t\t<\/div>\n\t\t\t\t\t\t<\/div>\n\t\t\t\t<\/div>\n\t\t\t\t\t\t<\/div>\n\t\t\t\t\t<\/div>\n\t\t<\/div>\n\t\t\t\t\t\t\t\t<\/div>\n\t\t\t\t\t<\/div>\n\t\t<\/section>\n\t\t\t\t\t\t\t\t\t<\/div>\n\t\t\t<\/div>\n\t\t\t\t\t<\/div>\n\t\t","protected":false},"excerpt":{"rendered":"<p>Participer aux prochains Troph\u00e9es Troph\u00e9es Inclusion &amp; Diversit\u00e9 Comment candidater ? Chaque dossier devra comporter : Le questionnaire ci-dessous renseign\u00e9 Des annexes susceptibles de nous faire comprendre les sp\u00e9cificit\u00e9s et les enjeux de votre d\u00e9marche. Dossier de candidature Bonnes Pratiques RH Dossier de candidature Entreuprenariat Chaque dossier re\u00e7u sera analys\u00e9 et, en fonction de sa [&hellip;]<\/p>\n","protected":false},"author":1,"featured_media":0,"parent":0,"menu_order":0,"comment_status":"closed","ping_status":"closed","template":"template\/full-width-template.php","meta":[],"_links":{"self":[{"href":"https:\/\/trophees.forum-diversite.org\/index.php?rest_route=\/wp\/v2\/pages\/3585"}],"collection":[{"href":"https:\/\/trophees.forum-diversite.org\/index.php?rest_route=\/wp\/v2\/pages"}],"about":[{"href":"https:\/\/trophees.forum-diversite.org\/index.php?rest_route=\/wp\/v2\/types\/page"}],"author":[{"embeddable":true,"href":"https:\/\/trophees.forum-diversite.org\/index.php?rest_route=\/wp\/v2\/users\/1"}],"replies":[{"embeddable":true,"href":"https:\/\/trophees.forum-diversite.org\/index.php?rest_route=%2Fwp%2Fv2%2Fcomments&post=3585"}],"version-history":[{"count":65,"href":"https:\/\/trophees.forum-diversite.org\/index.php?rest_route=\/wp\/v2\/pages\/3585\/revisions"}],"predecessor-version":[{"id":4423,"href":"https:\/\/trophees.forum-diversite.org\/index.php?rest_route=\/wp\/v2\/pages\/3585\/revisions\/4423"}],"wp:attachment":[{"href":"https:\/\/trophees.forum-diversite.org\/index.php?rest_route=%2Fwp%2Fv2%2Fmedia&parent=3585"}],"curies":[{"name":"wp","href":"https:\/\/api.w.org\/{rel}","templated":true}]}}