{"id":3526,"date":"2020-06-12T13:32:48","date_gmt":"2020-06-12T11:32:48","guid":{"rendered":"https:\/\/www.trophees.forum-diversite.org\/?page_id=3526"},"modified":"2026-03-05T11:29:24","modified_gmt":"2026-03-05T10:29:24","slug":"trophees-diversite-et-entreprenariat","status":"publish","type":"page","link":"https:\/\/trophees.forum-diversite.org\/?page_id=3526","title":{"rendered":"Troph\u00e9es Diversit\u00e9 et entreprenariat"},"content":{"rendered":"\t\t<div data-elementor-type=\"wp-post\" data-elementor-id=\"3526\" class=\"elementor elementor-3526\">\n\t\t\t\t\t\t<div class=\"elementor-inner\">\n\t\t\t\t<div class=\"elementor-section-wrap\">\n\t\t\t\t\t\t\t\t\t<section class=\"elementor-section elementor-top-section elementor-element elementor-element-3391f06 elementor-section-boxed elementor-section-height-default elementor-section-height-default\" data-id=\"3391f06\" data-element_type=\"section\" data-settings=\"{&quot;background_background&quot;:&quot;gradient&quot;}\">\n\t\t\t\t\t\t<div class=\"elementor-container elementor-column-gap-default\">\n\t\t\t\t\t\t\t<div class=\"elementor-row\">\n\t\t\t\t\t<div class=\"elementor-column elementor-col-100 elementor-top-column elementor-element elementor-element-86ce361\" data-id=\"86ce361\" data-element_type=\"column\">\n\t\t\t<div class=\"elementor-column-wrap elementor-element-populated\">\n\t\t\t\t\t\t\t<div class=\"elementor-widget-wrap\">\n\t\t\t\t\t\t<section class=\"elementor-section elementor-inner-section elementor-element elementor-element-0ad8bbc elementor-section-boxed elementor-section-height-default elementor-section-height-default\" data-id=\"0ad8bbc\" data-element_type=\"section\">\n\t\t\t\t\t\t<div class=\"elementor-container elementor-column-gap-default\">\n\t\t\t\t\t\t\t<div class=\"elementor-row\">\n\t\t\t\t\t<div class=\"elementor-column elementor-col-33 elementor-inner-column elementor-element elementor-element-e53bd58\" data-id=\"e53bd58\" data-element_type=\"column\">\n\t\t\t<div class=\"elementor-column-wrap elementor-element-populated\">\n\t\t\t\t\t\t\t<div class=\"elementor-widget-wrap\">\n\t\t\t\t\t\t<div class=\"elementor-element elementor-element-12c9eb2 elementor-widget elementor-widget-heading\" data-id=\"12c9eb2\" data-element_type=\"widget\" data-settings=\"{&quot;ekit_we_effect_on&quot;:&quot;none&quot;}\" data-widget_type=\"heading.default\">\n\t\t\t\t<div class=\"elementor-widget-container\">\n\t\t\t<h3 class=\"elementor-heading-title elementor-size-default\">Faire la promotion des talents entrepreneurs en Bourgogne Franche-Comt\u00e9<\/h3>\t\t<\/div>\n\t\t\t\t<\/div>\n\t\t\t\t\t\t<\/div>\n\t\t\t\t\t<\/div>\n\t\t<\/div>\n\t\t\t\t<div class=\"elementor-column elementor-col-33 elementor-inner-column elementor-element elementor-element-126f925\" data-id=\"126f925\" data-element_type=\"column\">\n\t\t\t<div class=\"elementor-column-wrap elementor-element-populated\">\n\t\t\t\t\t\t\t<div class=\"elementor-widget-wrap\">\n\t\t\t\t\t\t<div class=\"elementor-element elementor-element-8a26043 elementor-widget elementor-widget-heading\" data-id=\"8a26043\" data-element_type=\"widget\" data-settings=\"{&quot;ekit_we_effect_on&quot;:&quot;none&quot;}\" data-widget_type=\"heading.default\">\n\t\t\t\t<div class=\"elementor-widget-container\">\n\t\t\t<h3 class=\"elementor-heading-title elementor-size-default\">Souligner la diversit\u00e9 et l\u2019efficacit\u00e9 des dispositifs utilis\u00e9s par les entrepreneurs, en distinguant ces op\u00e9rations comme exemplaires.<\/h3>\t\t<\/div>\n\t\t\t\t<\/div>\n\t\t\t\t\t\t<\/div>\n\t\t\t\t\t<\/div>\n\t\t<\/div>\n\t\t\t\t<div class=\"elementor-column elementor-col-33 elementor-inner-column elementor-element elementor-element-8684e86\" data-id=\"8684e86\" data-element_type=\"column\">\n\t\t\t<div class=\"elementor-column-wrap elementor-element-populated\">\n\t\t\t\t\t\t\t<div class=\"elementor-widget-wrap\">\n\t\t\t\t\t\t<div class=\"elementor-element elementor-element-5c5b162 elementor-widget elementor-widget-text-editor\" data-id=\"5c5b162\" data-element_type=\"widget\" data-settings=\"{&quot;ekit_we_effect_on&quot;:&quot;none&quot;}\" data-widget_type=\"text-editor.default\">\n\t\t\t\t<div class=\"elementor-widget-container\">\n\t\t\t\t\t\t\t\t<div class=\"elementor-text-editor elementor-clearfix\">\n\t\t\t\t<p>Les laur\u00e9ates et laur\u00e9ats des Troph\u00e9es seront pr\u00e9sent\u00e9.e.s lors de la <strong>c\u00e9r\u00e9monie de remise <\/strong><strong>des prix du jeudi 26 novembre 2026 \u00e0 la CCI Sa\u00f4ne-Doubs \u00e0 Besan\u00e7on.<\/strong><\/p>\t\t\t\t\t<\/div>\n\t\t\t\t\t\t<\/div>\n\t\t\t\t<\/div>\n\t\t\t\t\t\t<\/div>\n\t\t\t\t\t<\/div>\n\t\t<\/div>\n\t\t\t\t\t\t\t\t<\/div>\n\t\t\t\t\t<\/div>\n\t\t<\/section>\n\t\t\t\t\t\t<\/div>\n\t\t\t\t\t<\/div>\n\t\t<\/div>\n\t\t\t\t\t\t\t\t<\/div>\n\t\t\t\t\t<\/div>\n\t\t<\/section>\n\t\t\t\t<section class=\"elementor-section elementor-top-section elementor-element elementor-element-f4bef94 elementor-section-boxed elementor-section-height-default elementor-section-height-default\" data-id=\"f4bef94\" data-element_type=\"section\">\n\t\t\t\t\t\t<div class=\"elementor-container elementor-column-gap-default\">\n\t\t\t\t\t\t\t<div class=\"elementor-row\">\n\t\t\t\t\t<div class=\"elementor-column elementor-col-100 elementor-top-column elementor-element elementor-element-309f168\" data-id=\"309f168\" data-element_type=\"column\">\n\t\t\t<div class=\"elementor-column-wrap elementor-element-populated\">\n\t\t\t\t\t\t\t<div class=\"elementor-widget-wrap\">\n\t\t\t\t\t\t<div class=\"elementor-element elementor-element-7baf5c8 gallery-spacing-custom elementor-widget elementor-widget-image-gallery\" data-id=\"7baf5c8\" data-element_type=\"widget\" data-settings=\"{&quot;ekit_we_effect_on&quot;:&quot;none&quot;}\" data-widget_type=\"image-gallery.default\">\n\t\t\t\t<div class=\"elementor-widget-container\">\n\t\t\t\t\t<div class=\"elementor-image-gallery\">\n\t\t\t<div id='gallery-1' class='gallery galleryid-3526 gallery-columns-3 gallery-size-full'><figure class='gallery-item'>\n\t\t\t<div class='gallery-icon landscape'>\n\t\t\t\t<a data-elementor-open-lightbox=\"yes\" data-elementor-lightbox-slideshow=\"7baf5c8\" data-elementor-lightbox-title=\"trophees-2018-creation\" data-e-action-hash=\"#elementor-action%3Aaction%3Dlightbox%26settings%3DeyJpZCI6NDI1NCwidXJsIjoiaHR0cHM6XC9cL3Ryb3BoZWVzLmZvcnVtLWRpdmVyc2l0ZS5vcmdcL3dwLWNvbnRlbnRcL3VwbG9hZHNcLzIwMjVcLzAyXC90cm9waGVlcy0yMDE4LWNyZWF0aW9uLmpwZyIsInNsaWRlc2hvdyI6IjdiYWY1YzgifQ%3D%3D\" href='https:\/\/trophees.forum-diversite.org\/wp-content\/uploads\/2025\/02\/trophees-2018-creation.jpg'><img width=\"500\" height=\"334\" src=\"https:\/\/trophees.forum-diversite.org\/wp-content\/uploads\/2025\/02\/trophees-2018-creation.jpg\" class=\"attachment-full size-full\" alt=\"\" decoding=\"async\" loading=\"lazy\" srcset=\"https:\/\/trophees.forum-diversite.org\/wp-content\/uploads\/2025\/02\/trophees-2018-creation.jpg 500w, https:\/\/trophees.forum-diversite.org\/wp-content\/uploads\/2025\/02\/trophees-2018-creation-300x200.jpg 300w\" sizes=\"(max-width: 500px) 100vw, 500px\" \/><\/a>\n\t\t\t<\/div><\/figure><figure class='gallery-item'>\n\t\t\t<div class='gallery-icon landscape'>\n\t\t\t\t<a data-elementor-open-lightbox=\"yes\" data-elementor-lightbox-slideshow=\"7baf5c8\" data-elementor-lightbox-title=\"trophees-2019-creation\" data-e-action-hash=\"#elementor-action%3Aaction%3Dlightbox%26settings%3DeyJpZCI6NDI1NSwidXJsIjoiaHR0cHM6XC9cL3Ryb3BoZWVzLmZvcnVtLWRpdmVyc2l0ZS5vcmdcL3dwLWNvbnRlbnRcL3VwbG9hZHNcLzIwMjVcLzAyXC90cm9waGVlcy0yMDE5LWNyZWF0aW9uLmpwZyIsInNsaWRlc2hvdyI6IjdiYWY1YzgifQ%3D%3D\" href='https:\/\/trophees.forum-diversite.org\/wp-content\/uploads\/2025\/02\/trophees-2019-creation.jpg'><img width=\"500\" height=\"334\" src=\"https:\/\/trophees.forum-diversite.org\/wp-content\/uploads\/2025\/02\/trophees-2019-creation.jpg\" class=\"attachment-full size-full\" alt=\"\" decoding=\"async\" loading=\"lazy\" srcset=\"https:\/\/trophees.forum-diversite.org\/wp-content\/uploads\/2025\/02\/trophees-2019-creation.jpg 500w, https:\/\/trophees.forum-diversite.org\/wp-content\/uploads\/2025\/02\/trophees-2019-creation-300x200.jpg 300w\" sizes=\"(max-width: 500px) 100vw, 500px\" \/><\/a>\n\t\t\t<\/div><\/figure><figure class='gallery-item'>\n\t\t\t<div class='gallery-icon landscape'>\n\t\t\t\t<a data-elementor-open-lightbox=\"yes\" data-elementor-lightbox-slideshow=\"7baf5c8\" data-elementor-lightbox-title=\"trophees-2023-creation\" data-e-action-hash=\"#elementor-action%3Aaction%3Dlightbox%26settings%3DeyJpZCI6NDI1NywidXJsIjoiaHR0cHM6XC9cL3Ryb3BoZWVzLmZvcnVtLWRpdmVyc2l0ZS5vcmdcL3dwLWNvbnRlbnRcL3VwbG9hZHNcLzIwMjVcLzAyXC90cm9waGVlcy0yMDIzLWNyZWF0aW9uLmpwZyIsInNsaWRlc2hvdyI6IjdiYWY1YzgifQ%3D%3D\" href='https:\/\/trophees.forum-diversite.org\/wp-content\/uploads\/2025\/02\/trophees-2023-creation.jpg'><img width=\"500\" height=\"333\" src=\"https:\/\/trophees.forum-diversite.org\/wp-content\/uploads\/2025\/02\/trophees-2023-creation.jpg\" class=\"attachment-full size-full\" alt=\"\" decoding=\"async\" loading=\"lazy\" srcset=\"https:\/\/trophees.forum-diversite.org\/wp-content\/uploads\/2025\/02\/trophees-2023-creation.jpg 500w, https:\/\/trophees.forum-diversite.org\/wp-content\/uploads\/2025\/02\/trophees-2023-creation-300x200.jpg 300w\" sizes=\"(max-width: 500px) 100vw, 500px\" \/><\/a>\n\t\t\t<\/div><\/figure><figure class='gallery-item'>\n\t\t\t<div class='gallery-icon landscape'>\n\t\t\t\t<a data-elementor-open-lightbox=\"yes\" data-elementor-lightbox-slideshow=\"7baf5c8\" data-elementor-lightbox-title=\"trophees-2024-creation\" data-e-action-hash=\"#elementor-action%3Aaction%3Dlightbox%26settings%3DeyJpZCI6NDI1OCwidXJsIjoiaHR0cHM6XC9cL3Ryb3BoZWVzLmZvcnVtLWRpdmVyc2l0ZS5vcmdcL3dwLWNvbnRlbnRcL3VwbG9hZHNcLzIwMjVcLzAyXC90cm9waGVlcy0yMDI0LWNyZWF0aW9uLmpwZyIsInNsaWRlc2hvdyI6IjdiYWY1YzgifQ%3D%3D\" href='https:\/\/trophees.forum-diversite.org\/wp-content\/uploads\/2025\/02\/trophees-2024-creation.jpg'><img width=\"500\" height=\"333\" src=\"https:\/\/trophees.forum-diversite.org\/wp-content\/uploads\/2025\/02\/trophees-2024-creation.jpg\" class=\"attachment-full size-full\" alt=\"\" decoding=\"async\" loading=\"lazy\" srcset=\"https:\/\/trophees.forum-diversite.org\/wp-content\/uploads\/2025\/02\/trophees-2024-creation.jpg 500w, https:\/\/trophees.forum-diversite.org\/wp-content\/uploads\/2025\/02\/trophees-2024-creation-300x200.jpg 300w\" sizes=\"(max-width: 500px) 100vw, 500px\" \/><\/a>\n\t\t\t<\/div><\/figure><figure class='gallery-item'>\n\t\t\t<div class='gallery-icon landscape'>\n\t\t\t\t<a data-elementor-open-lightbox=\"yes\" data-elementor-lightbox-slideshow=\"7baf5c8\" data-elementor-lightbox-title=\"trophees-2016-creation\" data-e-action-hash=\"#elementor-action%3Aaction%3Dlightbox%26settings%3DeyJpZCI6NDI1OSwidXJsIjoiaHR0cHM6XC9cL3Ryb3BoZWVzLmZvcnVtLWRpdmVyc2l0ZS5vcmdcL3dwLWNvbnRlbnRcL3VwbG9hZHNcLzIwMjVcLzAyXC90cm9waGVlcy0yMDE2LWNyZWF0aW9uLmpwZyIsInNsaWRlc2hvdyI6IjdiYWY1YzgifQ%3D%3D\" href='https:\/\/trophees.forum-diversite.org\/wp-content\/uploads\/2025\/02\/trophees-2016-creation.jpg'><img width=\"500\" height=\"333\" src=\"https:\/\/trophees.forum-diversite.org\/wp-content\/uploads\/2025\/02\/trophees-2016-creation.jpg\" class=\"attachment-full size-full\" alt=\"\" decoding=\"async\" loading=\"lazy\" srcset=\"https:\/\/trophees.forum-diversite.org\/wp-content\/uploads\/2025\/02\/trophees-2016-creation.jpg 500w, https:\/\/trophees.forum-diversite.org\/wp-content\/uploads\/2025\/02\/trophees-2016-creation-300x200.jpg 300w\" sizes=\"(max-width: 500px) 100vw, 500px\" \/><\/a>\n\t\t\t<\/div><\/figure><figure class='gallery-item'>\n\t\t\t<div class='gallery-icon landscape'>\n\t\t\t\t<a data-elementor-open-lightbox=\"yes\" data-elementor-lightbox-slideshow=\"7baf5c8\" data-elementor-lightbox-title=\"trophees-2022-creation\" data-e-action-hash=\"#elementor-action%3Aaction%3Dlightbox%26settings%3DeyJpZCI6NDI2MCwidXJsIjoiaHR0cHM6XC9cL3Ryb3BoZWVzLmZvcnVtLWRpdmVyc2l0ZS5vcmdcL3dwLWNvbnRlbnRcL3VwbG9hZHNcLzIwMjVcLzAyXC90cm9waGVlcy0yMDIyLWNyZWF0aW9uLTEuanBnIiwic2xpZGVzaG93IjoiN2JhZjVjOCJ9\" href='https:\/\/trophees.forum-diversite.org\/wp-content\/uploads\/2025\/02\/trophees-2022-creation-1.jpg'><img width=\"500\" height=\"333\" src=\"https:\/\/trophees.forum-diversite.org\/wp-content\/uploads\/2025\/02\/trophees-2022-creation-1.jpg\" class=\"attachment-full size-full\" alt=\"\" decoding=\"async\" loading=\"lazy\" srcset=\"https:\/\/trophees.forum-diversite.org\/wp-content\/uploads\/2025\/02\/trophees-2022-creation-1.jpg 500w, https:\/\/trophees.forum-diversite.org\/wp-content\/uploads\/2025\/02\/trophees-2022-creation-1-300x200.jpg 300w\" sizes=\"(max-width: 500px) 100vw, 500px\" \/><\/a>\n\t\t\t<\/div><\/figure><figure class='gallery-item'>\n\t\t\t<div class='gallery-icon landscape'>\n\t\t\t\t<a data-elementor-open-lightbox=\"yes\" data-elementor-lightbox-slideshow=\"7baf5c8\" data-elementor-lightbox-title=\"Design sans titre (64)\" data-e-action-hash=\"#elementor-action%3Aaction%3Dlightbox%26settings%3DeyJpZCI6NDMzMywidXJsIjoiaHR0cHM6XC9cL3Ryb3BoZWVzLmZvcnVtLWRpdmVyc2l0ZS5vcmdcL3dwLWNvbnRlbnRcL3VwbG9hZHNcLzIwMjZcLzAzXC9EZXNpZ24tc2Fucy10aXRyZS02NC5wbmciLCJzbGlkZXNob3ciOiI3YmFmNWM4In0%3D\" href='https:\/\/trophees.forum-diversite.org\/wp-content\/uploads\/2026\/03\/Design-sans-titre-64.png'><img width=\"500\" height=\"333\" src=\"https:\/\/trophees.forum-diversite.org\/wp-content\/uploads\/2026\/03\/Design-sans-titre-64.png\" class=\"attachment-full size-full\" alt=\"\" decoding=\"async\" loading=\"lazy\" srcset=\"https:\/\/trophees.forum-diversite.org\/wp-content\/uploads\/2026\/03\/Design-sans-titre-64.png 500w, https:\/\/trophees.forum-diversite.org\/wp-content\/uploads\/2026\/03\/Design-sans-titre-64-300x200.png 300w\" sizes=\"(max-width: 500px) 100vw, 500px\" \/><\/a>\n\t\t\t<\/div><\/figure>\n\t\t<\/div>\n\t\t<\/div>\n\t\t\t\t<\/div>\n\t\t\t\t<\/div>\n\t\t\t\t<section class=\"elementor-section elementor-inner-section elementor-element elementor-element-f14a4ed elementor-section-boxed elementor-section-height-default elementor-section-height-default\" data-id=\"f14a4ed\" data-element_type=\"section\">\n\t\t\t\t\t\t<div class=\"elementor-container elementor-column-gap-default\">\n\t\t\t\t\t\t\t<div class=\"elementor-row\">\n\t\t\t\t\t<div class=\"elementor-column elementor-col-100 elementor-inner-column elementor-element elementor-element-1afada6\" data-id=\"1afada6\" data-element_type=\"column\" data-settings=\"{&quot;background_background&quot;:&quot;classic&quot;}\">\n\t\t\t<div class=\"elementor-column-wrap elementor-element-populated\">\n\t\t\t\t\t\t\t<div class=\"elementor-widget-wrap\">\n\t\t\t\t\t\t<div class=\"elementor-element elementor-element-e55d461 elementor-view-stacked elementor-shape-circle elementor-widget elementor-widget-icon\" data-id=\"e55d461\" data-element_type=\"widget\" data-settings=\"{&quot;ekit_we_effect_on&quot;:&quot;none&quot;}\" data-widget_type=\"icon.default\">\n\t\t\t\t<div class=\"elementor-widget-container\">\n\t\t\t\t\t<div class=\"elementor-icon-wrapper\">\n\t\t\t<a class=\"elementor-icon\" href=\"#\">\n\t\t\t<i aria-hidden=\"true\" class=\"fas fa-trophy\"><\/i>\t\t\t<\/a>\n\t\t<\/div>\n\t\t\t\t<\/div>\n\t\t\t\t<\/div>\n\t\t\t\t<div class=\"elementor-element elementor-element-cfcbb32 elementor-widget elementor-widget-exhibz-title\" data-id=\"cfcbb32\" data-element_type=\"widget\" data-settings=\"{&quot;ekit_we_effect_on&quot;:&quot;none&quot;}\" data-widget_type=\"exhibz-title.default\">\n\t\t\t\t<div class=\"elementor-widget-container\">\n\t\t\t\n    <div class=\"title-section-area\">\n        <h2 class=\"section-title\">\n            <span class=\"sub-title\">Troph\u00e9es Inclusion &amp; Diversit\u00e9<\/span>\n\t\t\tHalte Discriminations et le jury des troph\u00e9es Inclusion &amp; Diversit\u00e9 de Bourgogne Franche-Comt\u00e9 r\u00e9compensent les porteuses et porteurs de projets.        <\/h2>\n\t\t\t\t\t<div class=\"title-desc\"><p>Le Cr\u00e9dit Agricole soutient les troph\u00e9es Inclusion &amp; Diversit\u00e9, cat\u00e9gorie cr\u00e9ation\/reprise d\u2019entreprises et proc\u00e8dera \u00e0 la remise d\u2019un ch\u00e8que \u00e0 chacun des laur\u00e9ats pendant la c\u00e9r\u00e9monie de cl\u00f4ture pour une somme globale de 2 000 \u20ac. Ces troph\u00e9es r\u00e9compensent les entrepreneurs de tous les horizons dans le stricte respect de l\u2019\u00e9galit\u00e9 femme\/homme.<\/p><\/div>\n\t\t                    <span class=\"title-shape\">\n                  <svg xmlns='http:\/\/www.w3.org\/2000\/svg' xmlns:xlink='http:\/\/www.w3.org\/1999\/xlink' width='71px' height='11px'> <path fill-rule='evenodd' d='M59.669,10.710 L49.164,3.306 L39.428,10.681 L29.714,3.322 L20.006,10.682 L10.295,3.322 L1.185,10.228 L-0.010,8.578 L10.295,0.765 L20.006,8.125 L29.714,0.765 L39.428,8.125 L49.122,0.781 L59.680,8.223 L69.858,1.192 L70.982,2.895 L59.669,10.710 Z'\/><\/svg>\n            <\/span>\n                    <\/div><!-- Section title -->\n    \n    \n\n    \t\t<\/div>\n\t\t\t\t<\/div>\n\t\t\t\t<div class=\"elementor-element elementor-element-8805d72 elementor-widget elementor-widget-heading\" data-id=\"8805d72\" data-element_type=\"widget\" data-settings=\"{&quot;ekit_we_effect_on&quot;:&quot;none&quot;}\" data-widget_type=\"heading.default\">\n\t\t\t\t<div class=\"elementor-widget-container\">\n\t\t\t<h2 class=\"elementor-heading-title elementor-size-default\"><span class=\"elementor-heading-title elementor-size-default elementor-inline-editing pen\" data-elementor-setting-key=\"title\" data-pen-placeholder=\"\u00c9crivez ici...\" style=\"outline-width: 0px;\">Diversit\u00e9 &amp; entrepreneuriat<\/span><\/h2>\t\t<\/div>\n\t\t\t\t<\/div>\n\t\t\t\t<div class=\"elementor-element elementor-element-9c2dbd4 elementor-widget elementor-widget-heading\" data-id=\"9c2dbd4\" data-element_type=\"widget\" data-settings=\"{&quot;ekit_we_effect_on&quot;:&quot;none&quot;}\" data-widget_type=\"heading.default\">\n\t\t\t\t<div class=\"elementor-widget-container\">\n\t\t\t<h2 class=\"elementor-heading-title elementor-size-default\"><span class=\"elementor-heading-title elementor-size-default elementor-inline-editing pen\" data-elementor-setting-key=\"title\" data-pen-placeholder=\"\u00c9crivez ici...\" style=\"outline-width: 0px;\">2 LAUR\u00c9ATS (UN HOMME ET UNE FEMME) <br>1 TROPH\u00c9E + 1 DOTATION FINANCI\u00c8RE<\/span><\/h2>\t\t<\/div>\n\t\t\t\t<\/div>\n\t\t\t\t<div class=\"elementor-element elementor-element-d9c2490 elementor-widget elementor-widget-text-editor\" data-id=\"d9c2490\" data-element_type=\"widget\" data-settings=\"{&quot;ekit_we_effect_on&quot;:&quot;none&quot;}\" data-widget_type=\"text-editor.default\">\n\t\t\t\t<div class=\"elementor-widget-container\">\n\t\t\t\t\t\t\t\t<div class=\"elementor-text-editor elementor-clearfix\">\n\t\t\t\t<p>Le jury est particuli\u00e8rement sensible \u00e0 la cr\u00e9ation reprise d\u2019entreprises par <strong>des femmes et des hommes issus de tous les horizons, quel que soit leur \u00e2ge, leur origine, leur orientation sexuelle, leur religion\u2026<\/strong> audacieux et inventifs ! Les projets, quel que soit leur stade d\u2019avancement, doivent pr\u00e9voir la cr\u00e9ation ou la reprise d\u2019une entreprise, install\u00e9e sur le territoire de la Bourgogne-Franche-Comt\u00e9.<\/p><h5>Objectifs :<\/h5><ul><li>D\u00e9montrer que la cr\u00e9ation d\u2019entreprise peut \u00eatre une alternative au ch\u00f4mage<\/li><li>R\u00e9v\u00e9ler les talents<\/li><li>D\u00e9velopper l\u2019esprit d\u2019entreprendre chez les femmes, les seniors, les populations en situation de handicap, les populations issues des quartiers, des zones urbaines et rurales fragiles<\/li><li>Donner aux cr\u00e9atrices et cr\u00e9ateurs d\u2019entreprise de la visibilit\u00e9<\/li><li>Les aider \u00e0 renforcer leur l\u00e9gitimit\u00e9 au sein du monde \u00e9conomique<\/li><li>Accompagner et favoriser le d\u00e9veloppement de ces entreprises<\/li><\/ul>\t\t\t\t\t<\/div>\n\t\t\t\t\t\t<\/div>\n\t\t\t\t<\/div>\n\t\t\t\t\t\t<\/div>\n\t\t\t\t\t<\/div>\n\t\t<\/div>\n\t\t\t\t\t\t\t\t<\/div>\n\t\t\t\t\t<\/div>\n\t\t<\/section>\n\t\t\t\t<div class=\"elementor-element elementor-element-428a9c8 elementor-widget elementor-widget-spacer\" data-id=\"428a9c8\" data-element_type=\"widget\" data-settings=\"{&quot;ekit_we_effect_on&quot;:&quot;none&quot;}\" data-widget_type=\"spacer.default\">\n\t\t\t\t<div class=\"elementor-widget-container\">\n\t\t\t\t\t<div class=\"elementor-spacer\">\n\t\t\t<div class=\"elementor-spacer-inner\"><\/div>\n\t\t<\/div>\n\t\t\t\t<\/div>\n\t\t\t\t<\/div>\n\t\t\t\t<div class=\"elementor-element elementor-element-82bee25 elementor-widget elementor-widget-text-editor\" data-id=\"82bee25\" data-element_type=\"widget\" data-settings=\"{&quot;ekit_we_effect_on&quot;:&quot;none&quot;}\" data-widget_type=\"text-editor.default\">\n\t\t\t\t<div class=\"elementor-widget-container\">\n\t\t\t\t\t\t\t\t<div class=\"elementor-text-editor elementor-clearfix\">\n\t\t\t\t<h5>Qui peut candidater ?<\/h5><p>Cr\u00e9ation\/reprise d\u2019entreprise de moins de 4 ans ou projet de cr\u00e9ation ou reprise d\u2019entreprise.<span class=\"Apple-converted-space\">\u00a0<\/span><\/p><h5><b>Crit\u00e8res d\u2019\u00e9valuation<\/b><\/h5><p>L\u2019analyse des dossiers s\u2019appuiera notamment sur les crit\u00e8res suivants\u00a0:<\/p><ul><li>Le caract\u00e8re innovant du produit ou du service<\/li><li>La connaissance du march\u00e9 vis\u00e9<\/li><li>La strat\u00e9gie de l\u2019entreprise<\/li><li>L\u2019ampleur et l\u2019ambition de la d\u00e9marche (p\u00e9rim\u00e8tre couvert)<\/li><li>La p\u00e9rennit\u00e9 du projet mis en \u0153uvre<\/li><li>La mesure des performances<\/li><li>La cr\u00e9ation d\u2019emploi \u00e0 terme<\/li><\/ul>\t\t\t\t\t<\/div>\n\t\t\t\t\t\t<\/div>\n\t\t\t\t<\/div>\n\t\t\t\t<div class=\"elementor-element elementor-element-50afdb4 elementor-align-center elementor-widget elementor-widget-button\" data-id=\"50afdb4\" data-element_type=\"widget\" data-settings=\"{&quot;ekit_we_effect_on&quot;:&quot;none&quot;}\" data-widget_type=\"button.default\">\n\t\t\t\t<div class=\"elementor-widget-container\">\n\t\t\t\t\t<div class=\"elementor-button-wrapper\">\n\t\t\t<a href=\"https:\/\/trophees.forum-diversite.org\/wp-content\/uploads\/2026\/03\/Candidature_trophees-entrepreunariat-2026.pdf-1.pdf\" target=\"_blank\" class=\"elementor-button-link elementor-button elementor-size-sm\" role=\"button\">\n\t\t\t\t\t\t<span class=\"elementor-button-content-wrapper\">\n\t\t\t\t\t\t<span class=\"elementor-button-text\">Dossier de candidature Cr\u00e9ation d'entreprise<\/span>\n\t\t<\/span>\n\t\t\t\t\t<\/a>\n\t\t<\/div>\n\t\t\t\t<\/div>\n\t\t\t\t<\/div>\n\t\t\t\t<div class=\"elementor-element elementor-element-65584f8 elementor-align-center elementor-button-info elementor-widget elementor-widget-button\" data-id=\"65584f8\" data-element_type=\"widget\" data-settings=\"{&quot;ekit_we_effect_on&quot;:&quot;none&quot;}\" data-widget_type=\"button.default\">\n\t\t\t\t<div class=\"elementor-widget-container\">\n\t\t\t\t\t<div class=\"elementor-button-wrapper\">\n\t\t\t<a href=\"https:\/\/trophees.forum-diversite.org\/wp-content\/uploads\/2026\/03\/reglement-trophees-entreprenariat.pdf-2.pdf\" class=\"elementor-button-link elementor-button elementor-size-sm\" role=\"button\">\n\t\t\t\t\t\t<span class=\"elementor-button-content-wrapper\">\n\t\t\t\t\t\t<span class=\"elementor-button-text\">Voir le r\u00e9glement<\/span>\n\t\t<\/span>\n\t\t\t\t\t<\/a>\n\t\t<\/div>\n\t\t\t\t<\/div>\n\t\t\t\t<\/div>\n\t\t\t\t\t\t<\/div>\n\t\t\t\t\t<\/div>\n\t\t<\/div>\n\t\t\t\t\t\t\t\t<\/div>\n\t\t\t\t\t<\/div>\n\t\t<\/section>\n\t\t\t\t\t\t\t\t\t<\/div>\n\t\t\t<\/div>\n\t\t\t\t\t<\/div>\n\t\t","protected":false},"excerpt":{"rendered":"<p>Faire la promotion des talents entrepreneurs en Bourgogne Franche-Comt\u00e9 Souligner la diversit\u00e9 et l\u2019efficacit\u00e9 des dispositifs utilis\u00e9s par les entrepreneurs, en distinguant ces op\u00e9rations comme exemplaires. Les laur\u00e9ates et laur\u00e9ats des Troph\u00e9es seront pr\u00e9sent\u00e9.e.s lors de la c\u00e9r\u00e9monie de remise des prix du jeudi 26 novembre 2026 \u00e0 la CCI Sa\u00f4ne-Doubs \u00e0 Besan\u00e7on. Troph\u00e9es Inclusion [&hellip;]<\/p>\n","protected":false},"author":1,"featured_media":0,"parent":0,"menu_order":0,"comment_status":"closed","ping_status":"closed","template":"template\/full-width-template.php","meta":[],"_links":{"self":[{"href":"https:\/\/trophees.forum-diversite.org\/index.php?rest_route=\/wp\/v2\/pages\/3526"}],"collection":[{"href":"https:\/\/trophees.forum-diversite.org\/index.php?rest_route=\/wp\/v2\/pages"}],"about":[{"href":"https:\/\/trophees.forum-diversite.org\/index.php?rest_route=\/wp\/v2\/types\/page"}],"author":[{"embeddable":true,"href":"https:\/\/trophees.forum-diversite.org\/index.php?rest_route=\/wp\/v2\/users\/1"}],"replies":[{"embeddable":true,"href":"https:\/\/trophees.forum-diversite.org\/index.php?rest_route=%2Fwp%2Fv2%2Fcomments&post=3526"}],"version-history":[{"count":119,"href":"https:\/\/trophees.forum-diversite.org\/index.php?rest_route=\/wp\/v2\/pages\/3526\/revisions"}],"predecessor-version":[{"id":4417,"href":"https:\/\/trophees.forum-diversite.org\/index.php?rest_route=\/wp\/v2\/pages\/3526\/revisions\/4417"}],"wp:attachment":[{"href":"https:\/\/trophees.forum-diversite.org\/index.php?rest_route=%2Fwp%2Fv2%2Fmedia&parent=3526"}],"curies":[{"name":"wp","href":"https:\/\/api.w.org\/{rel}","templated":true}]}}